{"id":515,"date":"2020-05-12T15:04:47","date_gmt":"2020-05-12T13:04:47","guid":{"rendered":"http:\/\/terapija.in.rs\/?page_id=515"},"modified":"2020-05-12T15:04:48","modified_gmt":"2020-05-12T13:04:48","slug":"uvod-u-psihoterapiju","status":"publish","type":"page","link":"https:\/\/terapija.in.rs\/index.php\/uvod-u-psihoterapiju\/","title":{"rendered":"Uvod u psihoterapiju"},"content":{"rendered":"\n<h1 class=\"wp-block-heading\" style=\"text-align:center\">Uvod u psihoterapiju<br><\/h1>\n\n\n\n<h3 class=\"wp-block-heading\" style=\"text-align:center\">Da biste saznali \u0161ta je psihoterapija i kako Vam ona mo\u017ee pomo\u0107i, kliknite na dugme ispod i izaberite jednu od opcija.<\/h3>\n\n\n<p><span id=\"wow-shortcode\"><code><div id='opcije'> \r\n\t<nav class=\"meni\">\r\n   <input type=\"checkbox\" href=\"#\" class=\"meni-open\" name=\"meni-open\" id=\"meni-open\" \/>\r\n   <label class=\"meni-open-button\" for=\"meni-open\">\r\n    <span class=\"lines line-1\"><\/span>\r\n    <span class=\"lines line-2\"><\/span>\r\n    <span class=\"lines line-3\"><\/span>\r\n  <\/label>\r\n\r\n   <a href=\"https:\/\/terapija.in.rs\/index.php\/ko-su-psihoterapeuti\/\" class=\"meni-item blue\"> <p>Ko su psihoterapeuti?<\/p> <\/a>\r\n   <a href=\"https:\/\/terapija.in.rs\/index.php\/\/sta-je-transakciona-analiza-ta\/\" class=\"meni-item green\"> <p>Transakciona analiza<\/p> <\/a>\r\n   <a href=\"https:\/\/terapija.in.rs\/index.php\/osnove-ugovora\/\" class=\"meni-item red\"> <p>O ugovoru<\/p> <\/a>\r\n   <a href=\"https:\/\/terapija.in.rs\/index.php\/psiholoske-igre\/\" class=\"meni-item purple\"> <p>Psiholo\u0161ke igre<\/p> <\/a>\r\n   \r\n<\/nav><\/div><\/code><\/span><\/p>","protected":false},"excerpt":{"rendered":"<p>Uvod u psihoterapiju Da biste saznali \u0161ta je psihoterapija i kako Vam ona mo\u017ee pomo\u0107i, kliknite na dugme ispod i izaberite jednu od opcija.<\/p>\n","protected":false},"author":2,"featured_media":0,"parent":0,"menu_order":0,"comment_status":"closed","ping_status":"closed","template":"","meta":{"footnotes":""},"class_list":["post-515","page","type-page","status-publish","hentry"],"aioseo_notices":[],"_links":{"self":[{"href":"https:\/\/terapija.in.rs\/index.php\/wp-json\/wp\/v2\/pages\/515"}],"collection":[{"href":"https:\/\/terapija.in.rs\/index.php\/wp-json\/wp\/v2\/pages"}],"about":[{"href":"https:\/\/terapija.in.rs\/index.php\/wp-json\/wp\/v2\/types\/page"}],"author":[{"embeddable":true,"href":"https:\/\/terapija.in.rs\/index.php\/wp-json\/wp\/v2\/users\/2"}],"replies":[{"embeddable":true,"href":"https:\/\/terapija.in.rs\/index.php\/wp-json\/wp\/v2\/comments?post=515"}],"version-history":[{"count":3,"href":"https:\/\/terapija.in.rs\/index.php\/wp-json\/wp\/v2\/pages\/515\/revisions"}],"predecessor-version":[{"id":518,"href":"https:\/\/terapija.in.rs\/index.php\/wp-json\/wp\/v2\/pages\/515\/revisions\/518"}],"wp:attachment":[{"href":"https:\/\/terapija.in.rs\/index.php\/wp-json\/wp\/v2\/media?parent=515"}],"curies":[{"name":"wp","href":"https:\/\/api.w.org\/{rel}","templated":true}]}}