{"id":471,"date":"2020-05-11T19:45:10","date_gmt":"2020-05-11T17:45:10","guid":{"rendered":"http:\/\/terapija.in.rs\/?page_id=471"},"modified":"2020-05-18T00:35:33","modified_gmt":"2020-05-17T22:35:33","slug":"vas-psihoterapeut-jovana-arsic-vulic","status":"publish","type":"page","link":"https:\/\/terapija.in.rs\/index.php\/vas-psihoterapeut-jovana-arsic-vulic\/","title":{"rendered":"Va\u0161 psihoterapeut dr Jovana Arsi\u0107 Vuli\u0107"},"content":{"rendered":"\n<h1 class=\"wp-block-heading\" style=\"text-align:center\">Va\u0161 psihoterapeut<\/h1>\n\n\n\n<figure class=\"wp-block-image alignfull\"><img loading=\"lazy\" decoding=\"async\" width=\"960\" height=\"960\" src=\"https:\/\/terapija.in.rs\/wp-content\/uploads\/2020\/05\/97409684_894098817772614_5996883756743393280_n.jpg\" alt=\"\" class=\"wp-image-513\" srcset=\"https:\/\/terapija.in.rs\/wp-content\/uploads\/2020\/05\/97409684_894098817772614_5996883756743393280_n.jpg 960w, https:\/\/terapija.in.rs\/wp-content\/uploads\/2020\/05\/97409684_894098817772614_5996883756743393280_n-150x150.jpg 150w, https:\/\/terapija.in.rs\/wp-content\/uploads\/2020\/05\/97409684_894098817772614_5996883756743393280_n-300x300.jpg 300w, https:\/\/terapija.in.rs\/wp-content\/uploads\/2020\/05\/97409684_894098817772614_5996883756743393280_n-768x768.jpg 768w\" sizes=\"(max-width: 960px) 100vw, 960px\" \/><\/figure>\n","protected":false},"excerpt":{"rendered":"<p>Va\u0161 psihoterapeut<\/p>\n","protected":false},"author":2,"featured_media":0,"parent":0,"menu_order":0,"comment_status":"closed","ping_status":"closed","template":"","meta":{"footnotes":""},"class_list":["post-471","page","type-page","status-publish","hentry"],"aioseo_notices":[],"_links":{"self":[{"href":"https:\/\/terapija.in.rs\/index.php\/wp-json\/wp\/v2\/pages\/471"}],"collection":[{"href":"https:\/\/terapija.in.rs\/index.php\/wp-json\/wp\/v2\/pages"}],"about":[{"href":"https:\/\/terapija.in.rs\/index.php\/wp-json\/wp\/v2\/types\/page"}],"author":[{"embeddable":true,"href":"https:\/\/terapija.in.rs\/index.php\/wp-json\/wp\/v2\/users\/2"}],"replies":[{"embeddable":true,"href":"https:\/\/terapija.in.rs\/index.php\/wp-json\/wp\/v2\/comments?post=471"}],"version-history":[{"count":16,"href":"https:\/\/terapija.in.rs\/index.php\/wp-json\/wp\/v2\/pages\/471\/revisions"}],"predecessor-version":[{"id":579,"href":"https:\/\/terapija.in.rs\/index.php\/wp-json\/wp\/v2\/pages\/471\/revisions\/579"}],"wp:attachment":[{"href":"https:\/\/terapija.in.rs\/index.php\/wp-json\/wp\/v2\/media?parent=471"}],"curies":[{"name":"wp","href":"https:\/\/api.w.org\/{rel}","templated":true}]}}