{"id":438,"date":"2020-05-11T18:57:29","date_gmt":"2020-05-11T16:57:29","guid":{"rendered":"http:\/\/terapija.in.rs\/?page_id=438"},"modified":"2024-06-20T12:42:06","modified_gmt":"2024-06-20T10:42:06","slug":"nas-tim","status":"publish","type":"page","link":"https:\/\/terapija.in.rs\/index.php\/nas-tim\/","title":{"rendered":"Na\u0161 tim"},"content":{"rendered":"\n<h1 class=\"wp-block-heading has-text-align-center\">Na\u0161 tim<\/h1>\n\n\n<p><span id=\"wow-shortcode\"><code><\/code><\/span><\/p>\n\n\n<h1 class=\"wp-block-heading has-text-align-center\">Izaberite svog psihoterapeuta klikom na sliku!<\/h1>\n\n\n\n<hr class=\"wp-block-separator has-text-color has-grey-color has-css-opacity has-grey-background-color has-background is-style-wide\"\/>\n\n\n\n<div style=\"height:100px\" aria-hidden=\"true\" class=\"wp-block-spacer\"><\/div>\n\n\n\n<div class=\"wp-block-columns has-2-columns is-layout-flex wp-container-core-columns-is-layout-1 wp-block-columns-is-layout-flex\">\n<div class=\"wp-block-column is-layout-flow wp-block-column-is-layout-flow\">\n<div class=\"wp-block-image\"><figure class=\"aligncenter is-resized is-style-rounded\"><figure><figure><a href=\"https:\/\/terapija.in.rs\/index.php\/psihoterapeut-sanja-mihajlovic-cuprija\/\"><img loading=\"lazy\" decoding=\"async\" src=\"https:\/\/terapija.in.rs\/wp-content\/uploads\/2020\/05\/received_2510247402619447.jpeg\" alt=\"\" class=\"wp-image-560 is-style-rounded\" width=\"286\" height=\"275\" srcset=\"https:\/\/terapija.in.rs\/wp-content\/uploads\/2020\/05\/received_2510247402619447.jpeg 864w, https:\/\/terapija.in.rs\/wp-content\/uploads\/2020\/05\/received_2510247402619447-300x290.jpeg 300w, https:\/\/terapija.in.rs\/wp-content\/uploads\/2020\/05\/received_2510247402619447-768x741.jpeg 768w\" sizes=\"(max-width: 286px) 100vw, 286px\" \/><\/a><\/figure><\/figure><figcaption>Psihoterapeut Sanja Mihajlovi\u0107, \u0106uprija<\/figcaption><\/figure><\/div>\n\n\n\n<p>Dipl. pedagog, psihoterapijski savetnik, prakti\u010dar transakcione analize pod supervizijom. Najvi\u0161e iskustva ima sa adolescentima i porodi\u010dnim odnosima. Sa klijentima radi u \u0106upriji.<\/p>\n<\/div>\n\n\n\n<div class=\"wp-block-column is-layout-flow wp-block-column-is-layout-flow\">\n<figure class=\"wp-block-image is-resized is-style-rounded\"><a href=\"https:\/\/terapija.in.rs\/index.php\/vas-psihoterapeut-jovana-arsic-vulic\"><img loading=\"lazy\" decoding=\"async\" width=\"453\" height=\"401\" src=\"https:\/\/terapija.in.rs\/wp-content\/uploads\/2020\/05\/96714905_2568679473353813_4966500838777290752_n.jpg\" alt=\"\" class=\"wp-image-441\" style=\"width:331px;height:316px\" srcset=\"https:\/\/terapija.in.rs\/wp-content\/uploads\/2020\/05\/96714905_2568679473353813_4966500838777290752_n.jpg 453w, https:\/\/terapija.in.rs\/wp-content\/uploads\/2020\/05\/96714905_2568679473353813_4966500838777290752_n-300x266.jpg 300w\" sizes=\"(max-width: 453px) 100vw, 453px\" \/><\/a><figcaption class=\"wp-element-caption\">Psihoterapeut dr Jovana Arsi\u0107 Vuli\u0107<\/figcaption><\/figure>\n\n\n\n<p>Dipl. psiholog i doktor zdravstvenih nauka, sa specijalizacijom za porodi\u010dne i bra\u010dne odnose.<\/p>\n<\/div>\n<\/div>\n\n\n\n<div class=\"wp-block-columns is-layout-flex wp-container-core-columns-is-layout-2 wp-block-columns-is-layout-flex\">\n<div class=\"wp-block-column is-layout-flow wp-block-column-is-layout-flow\"><div class=\"wp-block-image is-style-rounded\">\n<figure class=\"aligncenter is-resized\"><a href=\"https:\/\/terapija.in.rs\/index.php\/vas-psihoterapeut-dr-jasmina-petrovic\/\"><img loading=\"lazy\" decoding=\"async\" width=\"516\" height=\"800\" src=\"http:\/\/terapija.in.rs\/wp-content\/uploads\/2020\/05\/98186127_662401031273032_6578391469281771520_n.jpg\" alt=\"\" class=\"wp-image-580\" style=\"width:258px;height:400px\" srcset=\"https:\/\/terapija.in.rs\/wp-content\/uploads\/2020\/05\/98186127_662401031273032_6578391469281771520_n.jpg 516w, https:\/\/terapija.in.rs\/wp-content\/uploads\/2020\/05\/98186127_662401031273032_6578391469281771520_n-194x300.jpg 194w\" sizes=\"(max-width: 516px) 100vw, 516px\" \/><\/a><figcaption class=\"wp-element-caption\">Psihoterapeut dr Jasmina Petrovi\u0107, Para\u0107in<\/figcaption><\/figure><\/div>\n\n\n<p class=\"has-text-align-center\">Doktor medicine, specijalista neurologije, prakti\u010dar transakcione analize i psihoterapeut pod supervizijom.<\/p>\n<\/div>\n\n\n\n<div class=\"wp-block-column is-layout-flow wp-block-column-is-layout-flow\"><div class=\"wp-block-image is-style-rounded\">\n<figure class=\"aligncenter size-full is-resized\"><a href=\"https:\/\/terapija.in.rs\/index.php\/psihoterapeut-jasmina-simic\/\"><img loading=\"lazy\" decoding=\"async\" width=\"563\" height=\"942\" src=\"https:\/\/terapija.in.rs\/wp-content\/uploads\/2024\/06\/IMG_20240317_202810.jpg\" alt=\"\" class=\"wp-image-734\" style=\"width:258px;height:400px\" srcset=\"https:\/\/terapija.in.rs\/wp-content\/uploads\/2024\/06\/IMG_20240317_202810.jpg 563w, https:\/\/terapija.in.rs\/wp-content\/uploads\/2024\/06\/IMG_20240317_202810-179x300.jpg 179w\" sizes=\"(max-width: 563px) 100vw, 563px\" \/><\/a><figcaption class=\"wp-element-caption\">Psihoterapeut Jasmina Simi\u0107, Para\u0107in<\/figcaption><\/figure><\/div>\n\n\n<p>Dipl. Psiholog, Porodi\u010dni terapeut, radi sa odraslima, adolescentima , porodicama i bra\u010dnim parovima<\/p>\n<\/div>\n<\/div>\n","protected":false},"excerpt":{"rendered":"<p>Na\u0161 tim Izaberite svog psihoterapeuta klikom na sliku! Psihoterapeut Sanja Mihajlovi\u0107, \u0106uprija Dipl. pedagog, psihoterapijski savetnik, prakti\u010dar transakcione analize pod supervizijom. Najvi\u0161e iskustva ima sa adolescentima i porodi\u010dnim odnosima. Sa klijentima radi u \u0106upriji. Dipl. psiholog i doktor zdravstvenih nauka, sa specijalizacijom za porodi\u010dne i bra\u010dne odnose. Doktor medicine, specijalista neurologije, prakti\u010dar transakcione analize i [&hellip;]<\/p>\n","protected":false},"author":2,"featured_media":0,"parent":0,"menu_order":0,"comment_status":"closed","ping_status":"closed","template":"","meta":{"footnotes":""},"class_list":["post-438","page","type-page","status-publish","hentry"],"aioseo_notices":[],"_links":{"self":[{"href":"https:\/\/terapija.in.rs\/index.php\/wp-json\/wp\/v2\/pages\/438"}],"collection":[{"href":"https:\/\/terapija.in.rs\/index.php\/wp-json\/wp\/v2\/pages"}],"about":[{"href":"https:\/\/terapija.in.rs\/index.php\/wp-json\/wp\/v2\/types\/page"}],"author":[{"embeddable":true,"href":"https:\/\/terapija.in.rs\/index.php\/wp-json\/wp\/v2\/users\/2"}],"replies":[{"embeddable":true,"href":"https:\/\/terapija.in.rs\/index.php\/wp-json\/wp\/v2\/comments?post=438"}],"version-history":[{"count":58,"href":"https:\/\/terapija.in.rs\/index.php\/wp-json\/wp\/v2\/pages\/438\/revisions"}],"predecessor-version":[{"id":736,"href":"https:\/\/terapija.in.rs\/index.php\/wp-json\/wp\/v2\/pages\/438\/revisions\/736"}],"wp:attachment":[{"href":"https:\/\/terapija.in.rs\/index.php\/wp-json\/wp\/v2\/media?parent=438"}],"curies":[{"name":"wp","href":"https:\/\/api.w.org\/{rel}","templated":true}]}}